{"id":36,"date":"2024-03-15T11:23:32","date_gmt":"2024-03-15T11:23:32","guid":{"rendered":"https:\/\/www.liza-art-floral.fr\/38%20rue%20rabelais\/?page_id=36"},"modified":"2024-05-02T09:17:06","modified_gmt":"2024-05-02T07:17:06","slug":"particuliers","status":"publish","type":"page","link":"https:\/\/www.liza-art-floral.fr\/index.php\/particuliers\/","title":{"rendered":"Particuliers"},"content":{"rendered":"\n<div class=\"wp-block-columns alignfull is-layout-flex wp-container-core-columns-is-layout-28f84493 wp-block-columns-is-layout-flex\">\n<div class=\"wp-block-column is-layout-flow wp-block-column-is-layout-flow\" style=\"flex-basis:100%\">\n<div class=\"wp-block-group alignfull has-base-2-color has-text-color is-vertical is-content-justification-center is-layout-flex wp-container-core-group-is-layout-f9c96f76 wp-block-group-is-layout-flex has-background\" style=\"min-height:500px;margin-top:0;margin-bottom:0;padding-top:var(--wp--preset--spacing--60);padding-right:0;padding-bottom:var(--wp--preset--spacing--60);padding-left:0;background-image:url(&apos;https:\/\/www.liza-art-floral.fr\/wp-content\/uploads\/2024\/03\/BANDEAU-PARTICULIERS.jpg&apos;);background-size:cover;\">\n<div class=\"wp-block-columns is-layout-flex wp-container-core-columns-is-layout-28f84493 wp-block-columns-is-layout-flex\">\n<div class=\"wp-block-column is-layout-flow wp-block-column-is-layout-flow\" style=\"flex-basis:100%\">\n<div class=\"wp-block-group has-global-padding is-layout-constrained wp-container-core-group-is-layout-650790e1 wp-block-group-is-layout-constrained\">\n<h1 class=\"wp-block-heading has-text-align-center has-base-2-color has-text-color has-link-color has-x-large-font-size wp-elements-4e72605c59adb09a5fdedfdc049cd5ff\"><em>\u201cFaire de vos \u00e9v\u00e8nements     <\/em><br><em>       une cr\u00e9ation singuli\u00e8re.\u201c<\/em><\/h1>\n\n\n\n<div style=\"height:1.25rem\" aria-hidden=\"true\" class=\"wp-block-spacer\"><\/div>\n\n\n\n<p class=\"has-text-align-center has-base-color has-text-color has-background has-link-color wp-elements-7213624fffc4c8348e3c9e884182b307\" style=\"background-color:#b37e6db3\">Liza Art Floral, c&rsquo;est un service sur mesure pour apporter \u00e9l\u00e9gance <br>et vie \u00e0 vos \u00e9v\u00e9nements, qu&rsquo;ils soient professionnels, personnels, solennels, exceptionnels&#8230;<br>Entre terre et mer, un service confidentiel que Liza Art floral vous propose, <br>du simple bouquet, \u00e0 la d\u00e9coration en passant par l&rsquo;art v\u00e9g\u00e9tal s\u00e9ch\u00e9 <br>pour offrir ou vous faire plaisir.<\/p>\n<\/div>\n<\/div>\n<\/div>\n<\/div>\n<\/div>\n<\/div>\n\n\n\n<div class=\"wp-block-group alignfull has-base-2-background-color has-background has-global-padding is-content-justification-center is-layout-constrained wp-container-core-group-is-layout-3b0c347f wp-block-group-is-layout-constrained\" style=\"margin-top:0;margin-bottom:0;padding-top:var(--wp--preset--spacing--20);padding-right:var(--wp--preset--spacing--60);padding-bottom:var(--wp--preset--spacing--20);padding-left:var(--wp--preset--spacing--60);background-image:url(&apos;https:\/\/www.liza-art-floral.fr\/wp-content\/uploads\/2024\/03\/FONDS-ART-DECO-POUDRE-4.jpg&apos;);background-size:cover;\">\n<div style=\"margin-top:0;margin-bottom:0;height:70px;width:0px\" aria-hidden=\"true\" class=\"wp-block-spacer\"><\/div>\n\n\n\n<div class=\"wp-block-group is-vertical is-content-justification-center is-layout-flex wp-container-core-group-is-layout-52b864f0 wp-block-group-is-layout-flex\">\n<h2 class=\"wp-block-heading has-text-align-center is-style-asterisk has-x-large-font-size\">Prestations<\/h2>\n\n\n\n<div style=\"height:0px\" aria-hidden=\"true\" class=\"wp-block-spacer wp-container-content-4f2ccadb\"><\/div>\n\n\n\n<p class=\"has-text-align-center has-small-font-size\">Parce que tous les \u00e9v\u00e9nements sont uniques, je suis l\u00e0 pour vous accompagner.<\/p>\n<\/div>\n\n\n\n<div style=\"margin-top:0;margin-bottom:0;height:min(4rem, 5vw);width:0px\" aria-hidden=\"true\" class=\"wp-block-spacer\"><\/div>\n\n\n\n<div class=\"wp-block-columns alignwide is-layout-flex wp-container-core-columns-is-layout-d0bbbce0 wp-block-columns-is-layout-flex\">\n<div class=\"wp-block-column is-layout-flow wp-container-core-column-is-layout-e3d1c41b wp-block-column-is-layout-flow\">\n<h3 class=\"wp-block-heading has-text-align-left is-style-asterisk has-body-font-family has-medium-font-size\" style=\"font-style:normal;font-weight:600\">Mariage<\/h3>\n\n\n\n<p class=\"has-text-align-left\">Sans doute la prestation la plus prestigieuse, elle est celle qui demande le plus grand soin car ce jour doit rester le plus beau de votre vie.<\/p>\n<\/div>\n\n\n\n<div class=\"wp-block-column is-layout-flow wp-container-core-column-is-layout-e3d1c41b wp-block-column-is-layout-flow\">\n<h3 class=\"wp-block-heading has-text-align-left is-style-asterisk has-body-font-family has-medium-font-size\" style=\"font-style:normal;font-weight:600\">Anniversaire<\/h3>\n\n\n\n<p class=\"has-text-align-left has-small-font-size\">Pourquoi ne pas offrir \u00e0 vos convives un anniversaire aux couleurs v\u00e9g\u00e9tales ?<br>Elles marquerons cette journ\u00e9e pour longtemps.<\/p>\n<\/div>\n\n\n\n<div class=\"wp-block-column is-layout-flow wp-container-core-column-is-layout-e3d1c41b wp-block-column-is-layout-flow\">\n<h3 class=\"wp-block-heading has-text-align-left is-style-asterisk has-body-font-family has-medium-font-size\" style=\"font-style:normal;font-weight:600\">Deuil<\/h3>\n\n\n\n<p class=\"has-text-align-left has-small-font-size\">Dire adieu est un instant solennel, je serais l\u00e0 pour vous accompagner.<\/p>\n<\/div>\n<\/div>\n\n\n\n<p><\/p>\n\n\n\n<p><\/p>\n\n\n\n<div style=\"margin-top:0;margin-bottom:0;height:70px;width:0px\" aria-hidden=\"true\" class=\"wp-block-spacer\"><\/div>\n\n\n\n<p><\/p>\n<\/div>\n\n\n\n<div class=\"wp-block-group alignfull has-base-2-background-color has-background has-global-padding is-content-justification-center is-layout-constrained wp-container-core-group-is-layout-3b0c347f wp-block-group-is-layout-constrained\" style=\"margin-top:0;margin-bottom:0;padding-top:var(--wp--preset--spacing--20);padding-right:var(--wp--preset--spacing--60);padding-bottom:var(--wp--preset--spacing--20);padding-left:var(--wp--preset--spacing--60)\">\n<div style=\"margin-top:0;margin-bottom:0;height:70px;width:0px\" aria-hidden=\"true\" class=\"wp-block-spacer\"><\/div>\n\n\n\n<p><\/p>\n\n\n\n<h2 class=\"wp-block-heading has-text-align-center is-style-asterisk has-x-large-font-size\">Garanties<\/h2>\n\n\n\n<p><\/p>\n\n\n\n<p><\/p>\n\n\n\n<p class=\"has-text-align-center has-small-font-size\">Les m\u00e9tiers de la fleur ont la gr\u00e2ce de sublimer les \u00e9v\u00e9nements marquants de nos vies. <br>D&rsquo;un naturel sensible, \u00e9changer apprendre \u00e0 vous connaitre afin de r\u00e9aliser des compositions qui vous parlent, est une facette du m\u00e9tier qui a du sens \u00e0 mes yeux.<\/p>\n\n\n\n<p><\/p>\n\n\n\n<div style=\"height:50px;width:0px\" aria-hidden=\"true\" class=\"wp-block-spacer\"><\/div>\n\n\n\n<div class=\"wp-block-columns alignwide is-layout-flex wp-container-core-columns-is-layout-d0bbbce0 wp-block-columns-is-layout-flex\">\n<div class=\"wp-block-column is-layout-flow wp-container-core-column-is-layout-e3d1c41b wp-block-column-is-layout-flow\">\n<h3 class=\"wp-block-heading has-text-align-left is-style-asterisk has-text-color has-link-color has-body-font-family has-medium-font-size wp-elements-3f6afee658099e2c2a41c29ded813d4f\" style=\"color:#b37f6d;font-style:normal;font-weight:600\">D\u00e9lais<\/h3>\n\n\n\n<p class=\"has-text-align-left\">En \u00e9tablissant un planning cadr\u00e9 j&rsquo;appr\u00e9hende vos besoins en fonction des contraintes li\u00e9es \u00e0 la commande et la conservation des v\u00e9g\u00e9taux, vous garantissant ainsi la r\u00e9ussite de votre \u00e9v\u00e9nement.<\/p>\n<\/div>\n\n\n\n<div class=\"wp-block-column is-layout-flow wp-container-core-column-is-layout-e3d1c41b wp-block-column-is-layout-flow\">\n<h3 class=\"wp-block-heading has-text-align-left is-style-asterisk has-text-color has-link-color has-body-font-family has-medium-font-size wp-elements-353b1c83565f9f41865db6082fcdf749\" style=\"color:#b37f6d;font-style:normal;font-weight:600\">Relationnel<\/h3>\n\n\n\n<p class=\"has-text-align-left\">Nos \u00e9changes seront la clef d&rsquo;une prestation \u00e0 valeur ajout\u00e9e. En vous accompagnant dans les \u00e9v\u00e9nements de votre vie, j&rsquo;y prends part \u00e0 ma mani\u00e8re.<\/p>\n<\/div>\n\n\n\n<div class=\"wp-block-column is-layout-flow wp-container-core-column-is-layout-e3d1c41b wp-block-column-is-layout-flow\">\n<h3 class=\"wp-block-heading has-text-align-left is-style-asterisk has-text-color has-link-color has-body-font-family has-medium-font-size wp-elements-b1058aae32b4ec4bb83513f8539d76be\" style=\"color:#b37f6d;font-style:normal;font-weight:600\">R\u00e9activit\u00e9<\/h3>\n\n\n\n<p class=\"has-text-align-left\">Vouloir offrir le meilleur \u00e0 ses invit\u00e9s a parfois le prix du stress. Pour cela, ma r\u00e9activit\u00e9 est une garantie qui vous facilitera la t\u00e2che et all\u00e8gera votre charge mentale.<\/p>\n<\/div>\n<\/div>\n\n\n\n<div style=\"height:50px;width:0px\" aria-hidden=\"true\" class=\"wp-block-spacer\"><\/div>\n\n\n\n<div class=\"wp-block-columns alignwide is-layout-flex wp-container-core-columns-is-layout-d0bbbce0 wp-block-columns-is-layout-flex\">\n<div class=\"wp-block-column is-layout-flow wp-container-core-column-is-layout-e3d1c41b wp-block-column-is-layout-flow\">\n<h3 class=\"wp-block-heading has-text-align-left is-style-asterisk has-text-color has-link-color has-body-font-family has-medium-font-size wp-elements-9ec0285ae9dad7710330ff61fdf84926\" style=\"color:#b37f6d;font-style:normal;font-weight:600\">Confidentialit\u00e9<\/h3>\n\n\n\n<p class=\"has-text-align-left\">\u00c0 votre \u00e9coute et observatrice, travailler avec moi c&rsquo;est la garantie d&rsquo;\u00eatre pris en consid\u00e9ration avec ses besoins et sa personnalit\u00e9. Votre \u00e9v\u00e9nement vous ressemblera car nous l&rsquo;imaginerons ensemble.<\/p>\n<\/div>\n\n\n\n<div class=\"wp-block-column is-layout-flow wp-container-core-column-is-layout-e3d1c41b wp-block-column-is-layout-flow\">\n<h3 class=\"wp-block-heading has-text-align-left is-style-asterisk has-text-color has-link-color has-body-font-family has-medium-font-size wp-elements-606fed3ce6007a2f89aa0905052eeaa3\" style=\"color:#b37f6d;font-style:normal;font-weight:600\">Recherche cr\u00e9ative<\/h3>\n\n\n\n<p class=\"has-text-align-left\">Ayant travaill\u00e9 dans la cr\u00e9ation v\u00e9g\u00e9tale au service de la mairie de Paris, je suis \u00e0 m\u00eame de vous proposer des compositions qui sortent de l&rsquo;ordinaire.<\/p>\n<\/div>\n\n\n\n<div class=\"wp-block-column is-layout-flow wp-container-core-column-is-layout-e3d1c41b wp-block-column-is-layout-flow\">\n<h3 class=\"wp-block-heading has-text-align-left is-style-asterisk has-text-color has-link-color has-body-font-family has-medium-font-size wp-elements-5cfcaba1da4d76a270019d91c8893048\" style=\"color:#b37f6d;font-style:normal;font-weight:600\">conception raisonn\u00e9e<\/h3>\n\n\n\n<p class=\"has-text-align-left\">Ensemble nous trouverons des solutions plus respectueuses de l&rsquo;environnement, je vous guiderais en ce sens pour un r\u00e9sultat en accord avec vos convictions et vos valeurs.<\/p>\n<\/div>\n<\/div>\n\n\n\n<p><\/p>\n\n\n\n<div style=\"height:min(1.5rem, 2vw);width:0px\" aria-hidden=\"true\" class=\"wp-block-spacer\"><\/div>\n<\/div>\n\n\n\n<p><\/p>\n\n\n\n<p><\/p>\n","protected":false},"excerpt":{"rendered":"<p>\u201cFaire de vos \u00e9v\u00e8nements une cr\u00e9ation singuli\u00e8re.\u201c Liza Art Floral, c&rsquo;est un service sur mesure pour apporter \u00e9l\u00e9gance et vie \u00e0 vos \u00e9v\u00e9nements, qu&rsquo;ils soient professionnels, personnels, solennels, exceptionnels&#8230;Entre terre et mer, un service confidentiel que Liza Art floral vous propose, du simple bouquet, \u00e0 la d\u00e9coration en passant par l&rsquo;art v\u00e9g\u00e9tal s\u00e9ch\u00e9 pour offrir [&hellip;]<\/p>\n","protected":false},"author":1,"featured_media":0,"parent":0,"menu_order":0,"comment_status":"closed","ping_status":"closed","template":"page-no-title","meta":{"footnotes":""},"class_list":["post-36","page","type-page","status-publish","hentry"],"_links":{"self":[{"href":"https:\/\/www.liza-art-floral.fr\/index.php\/wp-json\/wp\/v2\/pages\/36","targetHints":{"allow":["GET"]}}],"collection":[{"href":"https:\/\/www.liza-art-floral.fr\/index.php\/wp-json\/wp\/v2\/pages"}],"about":[{"href":"https:\/\/www.liza-art-floral.fr\/index.php\/wp-json\/wp\/v2\/types\/page"}],"author":[{"embeddable":true,"href":"https:\/\/www.liza-art-floral.fr\/index.php\/wp-json\/wp\/v2\/users\/1"}],"replies":[{"embeddable":true,"href":"https:\/\/www.liza-art-floral.fr\/index.php\/wp-json\/wp\/v2\/comments?post=36"}],"version-history":[{"count":28,"href":"https:\/\/www.liza-art-floral.fr\/index.php\/wp-json\/wp\/v2\/pages\/36\/revisions"}],"predecessor-version":[{"id":387,"href":"https:\/\/www.liza-art-floral.fr\/index.php\/wp-json\/wp\/v2\/pages\/36\/revisions\/387"}],"wp:attachment":[{"href":"https:\/\/www.liza-art-floral.fr\/index.php\/wp-json\/wp\/v2\/media?parent=36"}],"curies":[{"name":"wp","href":"https:\/\/api.w.org\/{rel}","templated":true}]}}