{"id":2,"date":"2024-03-15T09:44:30","date_gmt":"2024-03-15T09:44:30","guid":{"rendered":"https:\/\/www.liza-art-floral.fr\/38%20rue%20rabelais\/?page_id=2"},"modified":"2025-04-15T21:50:38","modified_gmt":"2025-04-15T19:50:38","slug":"sample-page","status":"publish","type":"page","link":"https:\/\/www.liza-art-floral.fr\/","title":{"rendered":"Accueil"},"content":{"rendered":"\n<div style=\"background-image:url(&apos;https:\/\/www.liza-art-floral.fr\/wp-content\/uploads\/2024\/03\/BANDEAU-HOME-2.jpg&apos;);background-size:cover;\" class=\"wp-block-group alignfull has-base-2-color has-text-color has-link-color has-medium-font-size wp-elements-e76dc2833c1859b8cfe88f5d34c89352 is-content-justification-center is-nowrap is-layout-flex wp-container-core-group-is-layout-23441af8 wp-block-group-is-layout-flex has-background\">\n<div class=\"wp-block-group alignfull is-content-justification-center is-nowrap is-layout-flex wp-container-core-group-is-layout-9c2c222c wp-block-group-is-layout-flex\" style=\"padding-top:var(--wp--preset--spacing--50);padding-right:var(--wp--preset--spacing--50);padding-bottom:var(--wp--preset--spacing--50);padding-left:var(--wp--preset--spacing--50)\">\n<div class=\"wp-block-group is-vertical is-content-justification-center is-layout-flex wp-container-core-group-is-layout-52b864f0 wp-block-group-is-layout-flex\">\n<h3 class=\"wp-block-heading alignfull has-text-align-center is-style-default has-text-color has-link-color has-xx-large-font-size wp-elements-cf2d82a64aef7687a5336d08308f54bd\" style=\"color:#4c5c42;margin-top:89px;margin-right:0;margin-bottom:89px;margin-left:0;text-transform:capitalize\">Design v\u00e9g\u00e9tal <br>&amp; \u00e9v\u00e9nementiel<\/h3>\n\n\n\n<p class=\"has-text-align-center has-contrast-color has-text-color has-link-color wp-elements-ca9fd1b32f6f221f2a83d87bdfb80e28\" style=\"padding-top:var(--wp--preset--spacing--20);padding-bottom:var(--wp--preset--spacing--20)\">par Liza Doulin<\/p>\n\n\n\n<div style=\"height:1.25rem;width:0px\" aria-hidden=\"true\" class=\"wp-block-spacer wp-container-content-4f2ccadb\"><\/div>\n<\/div>\n<\/div>\n<\/div>\n\n\n\n<div class=\"wp-block-group alignfull has-base-2-background-color has-background has-global-padding is-layout-constrained wp-container-core-group-is-layout-7004dd38 wp-block-group-is-layout-constrained\" style=\"margin-top:0;margin-bottom:0;padding-top:0;padding-right:0;padding-bottom:var(--wp--preset--spacing--40);padding-left:0\">\n<div class=\"wp-block-group alignfull is-content-justification-center is-nowrap is-layout-flex wp-container-core-group-is-layout-d48e1fd4 wp-block-group-is-layout-flex has-background\" style=\"border-radius:0px;margin-top:0;margin-bottom:0;padding-right:0;padding-left:0;font-size:0px;background-image:url(&apos;https:\/\/www.liza-art-floral.fr\/wp-content\/uploads\/2024\/03\/fond-liza.jpg&apos;);background-size:cover;\">\n<div class=\"wp-block-columns is-layout-flex wp-container-core-columns-is-layout-28f84493 wp-block-columns-is-layout-flex\">\n<div class=\"wp-block-column is-layout-flow wp-block-column-is-layout-flow\" style=\"flex-basis:100%\">\n<div class=\"wp-block-columns are-vertically-aligned-bottom is-layout-flex wp-container-core-columns-is-layout-28f84493 wp-block-columns-is-layout-flex\">\n<div class=\"wp-block-column is-vertically-aligned-bottom is-layout-flow wp-block-column-is-layout-flow\" style=\"flex-basis:100%\">\n<div class=\"wp-block-columns is-layout-flex wp-container-core-columns-is-layout-28f84493 wp-block-columns-is-layout-flex\">\n<div class=\"wp-block-column is-layout-flow wp-block-column-is-layout-flow\" style=\"flex-basis:100%\">\n<div class=\"wp-block-group alignfull has-global-padding is-layout-constrained wp-container-core-group-is-layout-490fa1db wp-block-group-is-layout-constrained\" style=\"padding-top:var(--wp--preset--spacing--50);padding-right:var(--wp--preset--spacing--50);padding-bottom:var(--wp--preset--spacing--50);padding-left:var(--wp--preset--spacing--50)\">\n<div class=\"wp-block-group has-global-padding is-layout-constrained wp-container-core-group-is-layout-650790e1 wp-block-group-is-layout-constrained\">\n<h2 class=\"wp-block-heading alignfull has-text-align-center has-text-color has-link-color has-x-large-font-size wp-elements-7647296daa6c9b362e81883e20d382c7\" style=\"color:#5a7065\"><strong><em>\u201cFaire de vos \u00e9v\u00e8nements <\/em><br><em>une cr\u00e9ation singuli\u00e8re.\u201c<\/em><\/strong><\/h2>\n\n\n\n<div style=\"height:1.25rem\" aria-hidden=\"true\" class=\"wp-block-spacer\"><\/div>\n\n\n\n<p class=\"has-text-align-center has-base-2-background-color has-text-color has-background has-link-color has-small-font-size wp-elements-990349dd8cb8ec1e314c359acf4ae982\" style=\"color:#5a7065\"><strong>Liza Art Floral, c&rsquo;est une cr\u00e9ation sur mesure pour apporter \u00e9l\u00e9gance <\/strong><br><strong>et vie \u00e0 vos \u00e9v\u00e9nements, qu&rsquo;ils soient professionnels, personnels, <\/strong><br><strong>solennels, exceptionnels&#8230;<\/strong><br><br>Entre terre et mer, c&rsquo;est un service confidentiel que je vous propose, <br>du bouquet, \u00e0 la d\u00e9coration, en passant par l&rsquo;art v\u00e9g\u00e9tal s\u00e9ch\u00e9, <br>pour offrir, vous faire plaisir, ou marquer un temps fort.<\/p>\n\n\n\n<div style=\"height:1.25rem\" aria-hidden=\"true\" class=\"wp-block-spacer\"><\/div>\n<\/div>\n<\/div>\n<\/div>\n<\/div>\n<\/div>\n<\/div>\n<\/div>\n<\/div>\n<\/div>\n\n\n\n<div style=\"height:var(--wp--preset--spacing--40)\" aria-hidden=\"true\" class=\"wp-block-spacer\"><\/div>\n\n\n\n<h2 class=\"wp-block-heading has-text-align-center\"><em>Liza Doulin<\/em><\/h2>\n\n\n\n<hr class=\"wp-block-separator has-alpha-channel-opacity\"\/>\n\n\n\n<h4 class=\"wp-block-heading has-text-align-center\"><br>Artisane et designeuse floral passionn\u00e9e<\/h4>\n\n\n\n<div class=\"wp-block-group alignwide has-global-padding is-layout-constrained wp-container-core-group-is-layout-19e250f3 wp-block-group-is-layout-constrained\">\n<div style=\"height:50px\" aria-hidden=\"true\" class=\"wp-block-spacer\"><\/div>\n\n\n\n<div class=\"wp-block-columns alignwide is-layout-flex wp-container-core-columns-is-layout-d1c656ed wp-block-columns-is-layout-flex\">\n<div class=\"wp-block-column is-vertically-aligned-center has-small-font-size is-layout-flow wp-block-column-is-layout-flow\" style=\"flex-basis:40%\">\n<div class=\"wp-block-group is-nowrap is-layout-flex wp-container-core-group-is-layout-6c531013 wp-block-group-is-layout-flex\">\n<h5 class=\"wp-block-heading alignwide has-text-align-right has-large-font-size\" id=\"we-re-a-studio-in-berlin-with-an-international-practice-in-architecture-urban-planning-and-interior-design-we-believe-in-sharing-knowledge-and-promoting-dialogue-to-increase-the-creative-potential-of-collaboration\" style=\"line-height:1.1\"><em>Parcours et ambitions<br><\/em><br>J\u2019ai commenc\u00e9 ma carri\u00e8re dans la d\u00e9coration d\u2019int\u00e9rieur, puis mon amour pour le monde v\u00e9g\u00e9tal a guid\u00e9 ma voie professionnelle vers une reconversion.<\/h5>\n\n\n\n<div style=\"height:50px;width:0px\" aria-hidden=\"true\" class=\"wp-block-spacer wp-container-content-b30579f5\"><\/div>\n<\/div>\n\n\n\n<p class=\"has-text-align-right has-small-font-size\"><br>Je me suis alors dirig\u00e9e vers L\u2019\u00c9cole des fleuristes de Paris<br>dont je suis dipl\u00f4m\u00e9e depuis 11 ann\u00e9es d\u00e9sormais,<br>une exp\u00e9rience forte marquant le d\u00e9but d\u2019une belle histoire dans l\u2019art floral. \u00c0 l\u2019\u00e9poque, ma force de proposition m\u2019a \u00e9galement offert l\u2019opportunit\u00e9 de participer au concours international<br>de Dou\u00e9 La Fontaine.<br><br>J\u2019ai par la suite travaill\u00e9 au sein de la mairie de Paris<br>o\u00f9 j\u2019ai eu la chance de participer \u00e0 la mise en place de grands \u00e9v\u00e9nements. De retour dans ma r\u00e9gion natale, j\u2019ai aiguis\u00e9 mon exp\u00e9rience en boutique et suis d\u00e9sireuse aujourd\u2019hui de mettre mon savoir-faire au service de l\u2019\u00e9v\u00e9nementiel,<br>en tandem avec mes clients et partenaires.<\/p>\n\n\n\n<p class=\"has-small-font-size\">&nbsp;<\/p>\n<\/div>\n\n\n\n<div class=\"wp-block-column has-small-font-size is-layout-flow wp-block-column-is-layout-flow\" style=\"flex-basis:50%\">\n<figure class=\"wp-block-image size-large is-resized wp-duotone-duotone-1\"><img loading=\"lazy\" decoding=\"async\" width=\"768\" height=\"1024\" src=\"https:\/\/www.liza-art-floral.fr\/wp-content\/uploads\/2024\/03\/liza-portrait-1-768x1024.jpg\" alt=\"\" class=\"wp-image-105\" style=\"object-fit:cover;width:383px;height:auto\" srcset=\"https:\/\/www.liza-art-floral.fr\/wp-content\/uploads\/2024\/03\/liza-portrait-1-768x1024.jpg 768w, https:\/\/www.liza-art-floral.fr\/wp-content\/uploads\/2024\/03\/liza-portrait-1-225x300.jpg 225w, https:\/\/www.liza-art-floral.fr\/wp-content\/uploads\/2024\/03\/liza-portrait-1.jpg 800w\" sizes=\"auto, (max-width: 768px) 100vw, 768px\" \/><\/figure>\n<\/div>\n<\/div>\n\n\n\n<hr class=\"wp-block-separator has-alpha-channel-opacity is-style-wide\"\/>\n\n\n\n<div style=\"height:var(--wp--preset--spacing--40)\" aria-hidden=\"true\" class=\"wp-block-spacer\"><\/div>\n\n\n\n<div class=\"wp-block-columns alignwide is-layout-flex wp-container-core-columns-is-layout-d1c656ed wp-block-columns-is-layout-flex\">\n<div class=\"wp-block-column is-layout-flow wp-block-column-is-layout-flow\" style=\"flex-basis:50%\">\n<figure class=\"wp-block-image alignright size-large\"><img loading=\"lazy\" decoding=\"async\" width=\"1024\" height=\"1024\" src=\"https:\/\/www.liza-art-floral.fr\/wp-content\/uploads\/2024\/03\/fleurs-sechees-cloche-1024x1024.jpeg\" alt=\"\" class=\"wp-image-25\" srcset=\"https:\/\/www.liza-art-floral.fr\/wp-content\/uploads\/2024\/03\/fleurs-sechees-cloche-1024x1024.jpeg 1024w, https:\/\/www.liza-art-floral.fr\/wp-content\/uploads\/2024\/03\/fleurs-sechees-cloche-300x300.jpeg 300w, https:\/\/www.liza-art-floral.fr\/wp-content\/uploads\/2024\/03\/fleurs-sechees-cloche-150x150.jpeg 150w, https:\/\/www.liza-art-floral.fr\/wp-content\/uploads\/2024\/03\/fleurs-sechees-cloche-768x768.jpeg 768w, https:\/\/www.liza-art-floral.fr\/wp-content\/uploads\/2024\/03\/fleurs-sechees-cloche-1536x1536.jpeg 1536w, https:\/\/www.liza-art-floral.fr\/wp-content\/uploads\/2024\/03\/fleurs-sechees-cloche.jpeg 1890w\" sizes=\"auto, (max-width: 1024px) 100vw, 1024px\" \/><\/figure>\n<\/div>\n\n\n\n<div class=\"wp-block-column is-vertically-aligned-center is-layout-flow wp-block-column-is-layout-flow\" style=\"flex-basis:100%\">\n<h3 class=\"wp-block-heading alignwide has-x-large-font-size\" id=\"we-re-a-studio-in-berlin-with-an-international-practice-in-architecture-urban-planning-and-interior-design-we-believe-in-sharing-knowledge-and-promoting-dialogue-to-increase-the-creative-potential-of-collaboration\" style=\"padding-top:var(--wp--preset--spacing--10);padding-bottom:var(--wp--preset--spacing--10);line-height:1.1\">Composition s\u00e9ch\u00e9es<\/h3>\n\n\n\n<p class=\"has-text-align-left has-small-font-size\" style=\"padding-top:var(--wp--preset--spacing--10);padding-bottom:var(--wp--preset--spacing--20)\">Passionn\u00e9e de composition, j&rsquo;offre des cr\u00e9ations uniques qui se garderont longtemps. <br>Objets de d\u00e9corations atemporels, ils sont \u00e0 offrir ou \u00e0 garder \u00e9go\u00efstement&#8230;<br><\/p>\n\n\n\n<div class=\"wp-block-buttons is-layout-flex wp-block-buttons-is-layout-flex\">\n<div class=\"wp-block-button has-custom-width wp-block-button__width-75 is-style-outline is-style-outline--1\"><a class=\"wp-block-button__link has-text-align-center wp-element-button\">\u00c0 d\u00e9couvrir prochainement&#8230;<\/a><\/div>\n<\/div>\n<\/div>\n<\/div>\n<\/div>\n<\/div>\n\n\n\n<div class=\"wp-block-group alignfull has-background is-content-justification-left is-nowrap is-layout-flex wp-container-core-group-is-layout-fc9f69e7 wp-block-group-is-layout-flex\" style=\"background-color:#c59d8d\">\n<div class=\"wp-block-group alignfull has-background is-content-justification-right is-nowrap is-layout-flex wp-container-core-group-is-layout-680ca6a7 wp-block-group-is-layout-flex\" style=\"background-color:#c59d8d;padding-top:var(--wp--preset--spacing--50);padding-right:var(--wp--preset--spacing--50);padding-bottom:var(--wp--preset--spacing--50);padding-left:var(--wp--preset--spacing--50)\">\n<div class=\"wp-block-group has-global-padding is-layout-constrained wp-container-core-group-is-layout-650790e1 wp-block-group-is-layout-constrained\">\n<h2 class=\"wp-block-heading alignfull has-text-align-right has-base-2-color has-text-color has-link-color has-x-large-font-size wp-elements-39bc048c1b73df6e26f5030b13c8a2cf\">D\u00e9marche \u00e9coraisonn\u00e9e<\/h2>\n\n\n\n<div style=\"height:1.25rem\" aria-hidden=\"true\" class=\"wp-block-spacer\"><\/div>\n\n\n\n<p class=\"has-text-align-right has-base-2-color has-text-color has-link-color wp-elements-34bcabf7058168c4df2657dd8ca0bb41\">L\u2019\u00e9co-conception c\u2019est avant tout une r\u00e9flexion de bon sens qui prend en compte tout le cycle de vie d\u2019un produit ou d\u2019une prestation, ainsi que la gestion de ses intervenants de mani\u00e8re \u00e9thique et respectueuse.<br><br>Il serait regrettable de ne pas aller dans ce sens lorsque l&rsquo;on travail au contact des fleurs.<br>Autant que faire se peut, je choisis des v\u00e9g\u00e9taux locaux, non trait\u00e9s, et qui respectent certains crit\u00e8res responsables.<br><\/p>\n\n\n\n<p class=\"has-text-align-right has-base-2-color has-text-color has-link-color wp-elements-1d5f06208fe41d3dfc786245b25f45d7\">En mati\u00e8re de communication, je travaille avec des papiers recycl\u00e9s ou ensemanc\u00e9s, fabriqu\u00e9s en France et lab\u00e9llis\u00e9s.<\/p>\n\n\n\n<p class=\"has-text-align-right has-base-2-color has-text-color has-link-color wp-elements-d27c48365c11bd42206fd6e5d57d570d\">Ce site internet \u00e9galement est h\u00e9berg\u00e9 en France<br>et de mani\u00e8re \u00e9co-responsable.<br><br><em>L&rsquo;\u00e9co-responsabilit\u00e9 est une d\u00e9marche norm\u00e9e qui vise \u00e0 r\u00e9duire son impact environnementale lors de notre production. <\/em>N&rsquo;h\u00e9sitez pas \u00e0 me solliciter en ce sens, nous trouverons ensemble les meilleures solutions \u00e9co-raisonn\u00e9es pour vos \u00e9v\u00e9nements.<\/p>\n\n\n\n<div style=\"height:1.25rem\" aria-hidden=\"true\" class=\"wp-block-spacer\"><\/div>\n<\/div>\n<\/div>\n\n\n\n<div class=\"wp-block-columns is-layout-flex wp-container-core-columns-is-layout-28f84493 wp-block-columns-is-layout-flex\">\n<div class=\"wp-block-column is-layout-flow wp-block-column-is-layout-flow\" style=\"flex-basis:100%\">\n<div class=\"wp-block-columns are-vertically-aligned-bottom is-layout-flex wp-container-core-columns-is-layout-28f84493 wp-block-columns-is-layout-flex\">\n<div class=\"wp-block-column is-vertically-aligned-bottom is-layout-flow wp-block-column-is-layout-flow\" style=\"flex-basis:100%\"><\/div>\n<\/div>\n<\/div>\n<\/div>\n\n\n\n<figure class=\"wp-block-image size-large\"><img loading=\"lazy\" decoding=\"async\" width=\"838\" height=\"1024\" src=\"https:\/\/www.liza-art-floral.fr\/wp-content\/uploads\/2024\/03\/427023317_1439542923611185_1114309989407273774_n-1-838x1024.jpg\" alt=\"\" class=\"wp-image-185\" srcset=\"https:\/\/www.liza-art-floral.fr\/wp-content\/uploads\/2024\/03\/427023317_1439542923611185_1114309989407273774_n-1-838x1024.jpg 838w, https:\/\/www.liza-art-floral.fr\/wp-content\/uploads\/2024\/03\/427023317_1439542923611185_1114309989407273774_n-1-246x300.jpg 246w, https:\/\/www.liza-art-floral.fr\/wp-content\/uploads\/2024\/03\/427023317_1439542923611185_1114309989407273774_n-1-768x938.jpg 768w, https:\/\/www.liza-art-floral.fr\/wp-content\/uploads\/2024\/03\/427023317_1439542923611185_1114309989407273774_n-1.jpg 1080w\" sizes=\"auto, (max-width: 838px) 100vw, 838px\" \/><\/figure>\n<\/div>\n\n\n\n<div class=\"wp-block-group alignfull has-contrast-background-color has-background has-global-padding is-layout-constrained wp-container-core-group-is-layout-b673cb31 wp-block-group-is-layout-constrained\" style=\"margin-top:0;margin-bottom:0;padding-top:var(--wp--preset--spacing--30);padding-right:var(--wp--preset--spacing--50);padding-bottom:var(--wp--preset--spacing--30);padding-left:var(--wp--preset--spacing--50)\">\n<hr class=\"wp-block-separator aligncenter has-alpha-channel-opacity is-style-wide\"\/>\n\n\n\n<div class=\"wp-block-group alignwide has-contrast-background-color has-background has-global-padding is-layout-constrained wp-container-core-group-is-layout-39412042 wp-block-group-is-layout-constrained\" style=\"border-radius:16px;padding-top:var(--wp--preset--spacing--40);padding-right:var(--wp--preset--spacing--50);padding-bottom:var(--wp--preset--spacing--40);padding-left:var(--wp--preset--spacing--50)\">\n<h2 class=\"wp-block-heading has-text-align-center has-base-2-color has-text-color has-link-color has-x-large-font-size wp-elements-e8befc6ccf4b1fd71ace05fd3aa61978\">Rejoignez les abonn\u00e9.es !<\/h2>\n\n\n\n<h2 class=\"wp-block-heading has-text-align-center has-base-2-color has-text-color has-link-color has-x-large-font-size wp-elements-e9b1b1e8d370cc3414ab10706026e9f2\">Restez au courant des offres.<br><\/h2>\n\n\n\n<div style=\"height:64px\" aria-hidden=\"true\" class=\"wp-block-spacer\"><\/div>\n\n\n\n<p><\/p>\n\n\n\n<div class=\"wp-block-buttons is-content-justification-center is-layout-flex wp-container-core-buttons-is-layout-a89b3969 wp-block-buttons-is-layout-flex\">\n<div class=\"wp-block-button has-custom-width wp-block-button__width-50 has-custom-font-size is-style-outline has-small-font-size is-style-outline--2\"><a class=\"wp-block-button__link has-base-2-color has-contrast-background-color has-text-color has-background has-link-color wp-element-button\" style=\"border-width:1px;border-radius:0px;padding-top:var(--wp--preset--spacing--10);padding-right:0;padding-bottom:var(--wp--preset--spacing--10);padding-left:0\">S\u2019inscrire<\/a><\/div>\n<\/div>\n<\/div>\n<\/div>\n\n\n\n<div class=\"wp-block-group alignfull has-base-2-background-color has-background has-global-padding is-layout-constrained wp-container-core-group-is-layout-2df14bad wp-block-group-is-layout-constrained\" style=\"margin-top:0;margin-bottom:0;padding-top:var(--wp--preset--spacing--10);padding-right:var(--wp--preset--spacing--50);padding-bottom:var(--wp--preset--spacing--10);padding-left:var(--wp--preset--spacing--50)\">\n<div class=\"wp-block-group alignfull has-base-2-background-color has-background has-global-padding is-layout-constrained wp-container-core-group-is-layout-aff63992 wp-block-group-is-layout-constrained\" style=\"margin-top:0;margin-bottom:0;padding-top:0;padding-right:var(--wp--preset--spacing--50);padding-bottom:0;padding-left:var(--wp--preset--spacing--50)\">\n<div class=\"wp-block-group is-vertical is-content-justification-center is-layout-flex wp-container-core-group-is-layout-ce155fab wp-block-group-is-layout-flex\">\n<div style=\"height:0px\" aria-hidden=\"true\" class=\"wp-block-spacer wp-container-content-9d1f8957\"><\/div>\n\n\n\n<h2 class=\"wp-block-heading has-text-align-center has-xx-large-font-size\">Partenaires<\/h2>\n\n\n\n<p class=\"has-text-align-center\">C&rsquo;est ensemble que l&rsquo;on travaille le mieux&#8230;<\/p>\n<\/div>\n\n\n\n<div style=\"height:var(--wp--preset--spacing--30)\" aria-hidden=\"true\" class=\"wp-block-spacer\"><\/div>\n\n\n\n<div class=\"wp-block-columns alignwide is-layout-flex wp-container-core-columns-is-layout-4935966c wp-block-columns-is-layout-flex\" style=\"padding-right:0;padding-left:0\">\n<div class=\"wp-block-column is-layout-flow wp-block-column-is-layout-flow\">\n<figure class=\"wp-block-image aligncenter size-full is-resized is-style-rounded is-style-rounded--3\"><img loading=\"lazy\" decoding=\"async\" width=\"3508\" height=\"1930\" src=\"https:\/\/www.liza-art-floral.fr\/wp-content\/uploads\/2025\/04\/LOGO_ALINE_PROD-1.png\" alt=\"\" class=\"wp-image-405\" style=\"object-fit:cover;width:222px;height:auto\" srcset=\"https:\/\/www.liza-art-floral.fr\/wp-content\/uploads\/2025\/04\/LOGO_ALINE_PROD-1.png 3508w, https:\/\/www.liza-art-floral.fr\/wp-content\/uploads\/2025\/04\/LOGO_ALINE_PROD-1-300x165.png 300w, https:\/\/www.liza-art-floral.fr\/wp-content\/uploads\/2025\/04\/LOGO_ALINE_PROD-1-1024x563.png 1024w, https:\/\/www.liza-art-floral.fr\/wp-content\/uploads\/2025\/04\/LOGO_ALINE_PROD-1-768x423.png 768w, https:\/\/www.liza-art-floral.fr\/wp-content\/uploads\/2025\/04\/LOGO_ALINE_PROD-1-1536x845.png 1536w, https:\/\/www.liza-art-floral.fr\/wp-content\/uploads\/2025\/04\/LOGO_ALINE_PROD-1-2048x1127.png 2048w\" sizes=\"auto, (max-width: 3508px) 100vw, 3508px\" \/><\/figure>\n\n\n\n<p class=\"has-text-align-center has-small-font-size\"><strong>Vid\u00e9aste mariages<\/strong><\/p>\n\n\n\n<p class=\"has-text-align-center has-small-font-size\">Aline Lalaudi\u00e8re<\/p>\n\n\n\n<div class=\"wp-block-group is-vertical is-content-justification-center is-nowrap is-layout-flex wp-container-core-group-is-layout-63bfd6c1 wp-block-group-is-layout-flex\"><\/div>\n<\/div>\n\n\n\n<div class=\"wp-block-column is-layout-flow wp-block-column-is-layout-flow\">\n<figure class=\"wp-block-image size-full is-style-rounded is-style-rounded--4\"><img loading=\"lazy\" decoding=\"async\" width=\"612\" height=\"196\" src=\"https:\/\/www.liza-art-floral.fr\/wp-content\/uploads\/2025\/04\/Audrey-Vergnas-1.png\" alt=\"\" class=\"wp-image-403\" srcset=\"https:\/\/www.liza-art-floral.fr\/wp-content\/uploads\/2025\/04\/Audrey-Vergnas-1.png 612w, https:\/\/www.liza-art-floral.fr\/wp-content\/uploads\/2025\/04\/Audrey-Vergnas-1-300x96.png 300w\" sizes=\"auto, (max-width: 612px) 100vw, 612px\" \/><\/figure>\n\n\n\n<div class=\"wp-block-group is-vertical is-content-justification-center is-nowrap is-layout-flex wp-container-core-group-is-layout-63bfd6c1 wp-block-group-is-layout-flex\">\n<p class=\"has-text-align-center has-small-font-size\"><strong>Organisatrice \u00e9v\u00e9nementiel<\/strong><\/p>\n\n\n\n<p class=\"has-text-align-center has-small-font-size\">F\u00eate comme chez vous <\/p>\n\n\n\n<p><\/p>\n<\/div>\n<\/div>\n\n\n\n<div class=\"wp-block-column is-layout-flow wp-block-column-is-layout-flow\">\n<figure class=\"wp-block-image aligncenter size-full is-resized is-style-rounded wp-duotone-duotone-1 is-style-rounded--5\"><img loading=\"lazy\" decoding=\"async\" width=\"6643\" height=\"2654\" src=\"https:\/\/www.liza-art-floral.fr\/wp-content\/uploads\/2025\/04\/logo_full.png\" alt=\"\" class=\"wp-image-400\" style=\"width:280px;height:auto\" srcset=\"https:\/\/www.liza-art-floral.fr\/wp-content\/uploads\/2025\/04\/logo_full.png 6643w, https:\/\/www.liza-art-floral.fr\/wp-content\/uploads\/2025\/04\/logo_full-300x120.png 300w, https:\/\/www.liza-art-floral.fr\/wp-content\/uploads\/2025\/04\/logo_full-1024x409.png 1024w, https:\/\/www.liza-art-floral.fr\/wp-content\/uploads\/2025\/04\/logo_full-768x307.png 768w, https:\/\/www.liza-art-floral.fr\/wp-content\/uploads\/2025\/04\/logo_full-1536x614.png 1536w, https:\/\/www.liza-art-floral.fr\/wp-content\/uploads\/2025\/04\/logo_full-2048x818.png 2048w\" sizes=\"auto, (max-width: 6643px) 100vw, 6643px\" \/><\/figure>\n\n\n\n<div class=\"wp-block-group is-vertical is-content-justification-center is-nowrap is-layout-flex wp-container-core-group-is-layout-21d4e958 wp-block-group-is-layout-flex\">\n<p class=\"has-text-align-center has-small-font-size\"><strong>Communication \u00e9coraisonn\u00e9e<\/strong><\/p>\n\n\n\n<p class=\"has-text-align-center has-small-font-size\">Ana\u00efs Dhalluin<\/p>\n\n\n\n<p class=\"has-text-align-center has-small-font-size\"><\/p>\n<\/div>\n<\/div>\n<\/div>\n<\/div>\n<\/div>\n\n\n\n<div style=\"height:min(4rem, 5vw)\" aria-hidden=\"true\" class=\"wp-block-spacer\"><\/div>\n\n\n\n<p><\/p>\n","protected":false},"excerpt":{"rendered":"<p>Design v\u00e9g\u00e9tal &amp; \u00e9v\u00e9nementiel par Liza Doulin \u201cFaire de vos \u00e9v\u00e8nements une cr\u00e9ation singuli\u00e8re.\u201c Liza Art Floral, c&rsquo;est une cr\u00e9ation sur mesure pour apporter \u00e9l\u00e9gance et vie \u00e0 vos \u00e9v\u00e9nements, qu&rsquo;ils soient professionnels, personnels, solennels, exceptionnels&#8230; Entre terre et mer, c&rsquo;est un service confidentiel que je vous propose, du bouquet, \u00e0 la d\u00e9coration, en passant [&hellip;]<\/p>\n","protected":false},"author":1,"featured_media":0,"parent":0,"menu_order":0,"comment_status":"closed","ping_status":"closed","template":"","meta":{"footnotes":""},"class_list":["post-2","page","type-page","status-publish","hentry"],"_links":{"self":[{"href":"https:\/\/www.liza-art-floral.fr\/index.php\/wp-json\/wp\/v2\/pages\/2","targetHints":{"allow":["GET"]}}],"collection":[{"href":"https:\/\/www.liza-art-floral.fr\/index.php\/wp-json\/wp\/v2\/pages"}],"about":[{"href":"https:\/\/www.liza-art-floral.fr\/index.php\/wp-json\/wp\/v2\/types\/page"}],"author":[{"embeddable":true,"href":"https:\/\/www.liza-art-floral.fr\/index.php\/wp-json\/wp\/v2\/users\/1"}],"replies":[{"embeddable":true,"href":"https:\/\/www.liza-art-floral.fr\/index.php\/wp-json\/wp\/v2\/comments?post=2"}],"version-history":[{"count":67,"href":"https:\/\/www.liza-art-floral.fr\/index.php\/wp-json\/wp\/v2\/pages\/2\/revisions"}],"predecessor-version":[{"id":411,"href":"https:\/\/www.liza-art-floral.fr\/index.php\/wp-json\/wp\/v2\/pages\/2\/revisions\/411"}],"wp:attachment":[{"href":"https:\/\/www.liza-art-floral.fr\/index.php\/wp-json\/wp\/v2\/media?parent=2"}],"curies":[{"name":"wp","href":"https:\/\/api.w.org\/{rel}","templated":true}]}}